{"id":174,"date":"2025-03-24T13:08:34","date_gmt":"2025-03-24T12:08:34","guid":{"rendered":"https:\/\/srlgd.pl\/?page_id=174"},"modified":"2026-02-04T13:01:31","modified_gmt":"2026-02-04T12:01:31","slug":"wykaz-czlonkow","status":"publish","type":"page","link":"https:\/\/swietokrzyskalgr.eu\/index.php\/wykaz-czlonkow\/","title":{"rendered":"Wykaz cz\u0142onk\u00f3w"},"content":{"rendered":"\n<p class=\"has-light-green-cyan-background-color has-background\"><strong>DEKLARACJA CZ\u0141ONKOWSKA<\/strong> <\/p>\n\n\n\n<div class=\"wp-block-file has-link-color wp-elements-e8667c79041d2d2de58d35834387bfb7\"><a id=\"wp-block-file--media-8c0e5a3c-54cc-49ad-8946-2822e2873609\" href=\"https:\/\/swietokrzyskalgr.eu\/wp-content\/uploads\/2025\/07\/Deklaracja-czlonkowska-1.pdf\" target=\"_blank\" rel=\"noreferrer noopener\"><strong>Deklaracja cz\u0142onkowska<\/strong><\/a><a href=\"https:\/\/swietokrzyskalgr.eu\/wp-content\/uploads\/2025\/07\/Deklaracja-czlonkowska-1.pdf\" class=\"wp-block-file__button wp-element-button\" download aria-describedby=\"wp-block-file--media-8c0e5a3c-54cc-49ad-8946-2822e2873609\">Pobierz<\/a><\/div>\n\n\n\n<p class=\"has-pale-cyan-blue-background-color has-background\"><strong>CZ\u0141ONKOWIE:<\/strong><\/p>\n\n\n\n<div class=\"wp-block-columns alignfull is-layout-flex wp-container-core-columns-is-layout-28f84493 wp-block-columns-is-layout-flex\">\n<div class=\"wp-block-column is-layout-flow wp-block-column-is-layout-flow\">\n<div class=\"wp-block-file has-link-color wp-elements-0f915d6d14bd5db02d8a2122172fc519\" style=\"padding-top:var(--wp--preset--spacing--superbspacing-xsmall);padding-bottom:var(--wp--preset--spacing--superbspacing-xsmall)\"><a id=\"wp-block-file--media-864f06c4-ba60-4c8f-bbd3-085807a7a6ed\" href=\"https:\/\/swietokrzyskalgr.eu\/wp-content\/uploads\/2026\/02\/Zarzad-SRLGD-1.pdf\"><strong> Zarz\u0105d \u015aRLGD<\/strong><\/a><a href=\"https:\/\/swietokrzyskalgr.eu\/wp-content\/uploads\/2026\/02\/Zarzad-SRLGD-1.pdf\" class=\"wp-block-file__button wp-element-button\" download aria-describedby=\"wp-block-file--media-864f06c4-ba60-4c8f-bbd3-085807a7a6ed\">Pobierz<\/a><\/div>\n<\/div>\n<\/div>\n\n\n\n<div class=\"wp-block-columns is-layout-flex wp-container-core-columns-is-layout-28f84493 wp-block-columns-is-layout-flex\">\n<div class=\"wp-block-column is-layout-flow wp-block-column-is-layout-flow\">\n<div class=\"wp-block-file has-link-color wp-elements-2c601e5e3427a93bf72544f59fab7859\"><a id=\"wp-block-file--media-61779f8a-17c9-4d92-bbaf-89fc8d60aeb2\" href=\"https:\/\/swietokrzyskalgr.eu\/wp-content\/uploads\/2026\/02\/Lista-czlonkow-SRLGD-2026-r-1.pdf\"><strong>Lista Cz\u0142onk\u00f3w \u015aRLGD 2026 r.<\/strong><\/a><a href=\"https:\/\/swietokrzyskalgr.eu\/wp-content\/uploads\/2026\/02\/Lista-czlonkow-SRLGD-2026-r-1.pdf\" class=\"wp-block-file__button wp-element-button\" download aria-describedby=\"wp-block-file--media-61779f8a-17c9-4d92-bbaf-89fc8d60aeb2\">Pobierz<\/a><\/div>\n<\/div>\n<\/div>\n\n\n\n<div class=\"wp-block-file has-link-color wp-elements-8741382a1c1cedd4a1e0297ec5da2448\"><a id=\"wp-block-file--media-d7eec1fb-4cbb-48f7-9cfa-39e85b0cb68a\" href=\"https:\/\/swietokrzyskalgr.eu\/wp-content\/uploads\/2026\/02\/Organ-decyzyjny-SRLGD.pdf\"><strong>Organ Decyzyjny \u015aRLGD<\/strong><\/a><a href=\"https:\/\/swietokrzyskalgr.eu\/wp-content\/uploads\/2026\/02\/Organ-decyzyjny-SRLGD.pdf\" class=\"wp-block-file__button wp-element-button\" download aria-describedby=\"wp-block-file--media-d7eec1fb-4cbb-48f7-9cfa-39e85b0cb68a\">Pobierz<\/a><\/div>\n\n\n\n<div class=\"wp-block-file has-link-color wp-elements-683913f0e3694a3caa401ea4f7a2d46a\"><a id=\"wp-block-file--media-4ad62557-9814-4085-939f-775833537b9e\" href=\"https:\/\/swietokrzyskalgr.eu\/wp-content\/uploads\/2026\/02\/Komisja-rewizyjna-SRLGD.pdf\"><strong>Komisja Rewizyjna \u015aRLGD<\/strong><\/a><a href=\"https:\/\/swietokrzyskalgr.eu\/wp-content\/uploads\/2026\/02\/Komisja-rewizyjna-SRLGD.pdf\" class=\"wp-block-file__button wp-element-button\" download aria-describedby=\"wp-block-file--media-4ad62557-9814-4085-939f-775833537b9e\">Pobierz<\/a><\/div>\n\n\n\n<div class=\"wp-block-file has-link-color wp-elements-65b71af123c675277dbcfaa0d052cde0\"><a id=\"wp-block-file--media-a55867c1-09eb-4c1f-9654-700fd87b04a2\" href=\"https:\/\/swietokrzyskalgr.eu\/wp-content\/uploads\/2026\/02\/Zespol-ds.-LSR.pdf\"><strong>Zesp\u00f3\u0142 ds. LSR<\/strong><\/a><a href=\"https:\/\/swietokrzyskalgr.eu\/wp-content\/uploads\/2026\/02\/Zespol-ds.-LSR.pdf\" class=\"wp-block-file__button wp-element-button\" download aria-describedby=\"wp-block-file--media-a55867c1-09eb-4c1f-9654-700fd87b04a2\">Pobierz<\/a><\/div>\n\n\n\n<p><\/p>\n","protected":false},"excerpt":{"rendered":"<p>DEKLARACJA CZ\u0141ONKOWSKA CZ\u0141ONKOWIE:<\/p>\n","protected":false},"author":1,"featured_media":0,"parent":0,"menu_order":0,"comment_status":"closed","ping_status":"closed","template":"","meta":{"om_disable_all_campaigns":false,"footnotes":""},"class_list":["post-174","page","type-page","status-publish","hentry"],"yoast_head":"<!-- This site is optimized with the Yoast SEO plugin v26.9 - https:\/\/yoast.com\/product\/yoast-seo-wordpress\/ -->\n<title>Wykaz cz\u0142onk\u00f3w - \u015awi\u0119tokrzyska Rybacka Lokalna Grupa Dzia\u0142ania<\/title>\n<meta name=\"robots\" content=\"index, follow, max-snippet:-1, max-image-preview:large, max-video-preview:-1\" \/>\n<link rel=\"canonical\" href=\"https:\/\/swietokrzyskalgr.eu\/index.php\/wykaz-czlonkow\/\" \/>\n<meta property=\"og:locale\" content=\"pl_PL\" \/>\n<meta property=\"og:type\" content=\"article\" \/>\n<meta property=\"og:title\" content=\"Wykaz cz\u0142onk\u00f3w - \u015awi\u0119tokrzyska Rybacka Lokalna Grupa Dzia\u0142ania\" \/>\n<meta property=\"og:description\" content=\"DEKLARACJA CZ\u0141ONKOWSKA CZ\u0141ONKOWIE:\" \/>\n<meta property=\"og:url\" content=\"https:\/\/swietokrzyskalgr.eu\/index.php\/wykaz-czlonkow\/\" \/>\n<meta property=\"og:site_name\" content=\"\u015awi\u0119tokrzyska Rybacka Lokalna Grupa Dzia\u0142ania\" \/>\n<meta property=\"article:modified_time\" content=\"2026-02-04T12:01:31+00:00\" \/>\n<meta name=\"twitter:card\" content=\"summary_large_image\" \/>\n<meta name=\"twitter:label1\" content=\"Szacowany czas czytania\" \/>\n\t<meta name=\"twitter:data1\" content=\"1 minuta\" \/>\n<script type=\"application\/ld+json\" class=\"yoast-schema-graph\">{\"@context\":\"https:\/\/schema.org\",\"@graph\":[{\"@type\":\"WebPage\",\"@id\":\"https:\/\/swietokrzyskalgr.eu\/index.php\/wykaz-czlonkow\/\",\"url\":\"https:\/\/swietokrzyskalgr.eu\/index.php\/wykaz-czlonkow\/\",\"name\":\"Wykaz cz\u0142onk\u00f3w - \u015awi\u0119tokrzyska Rybacka Lokalna Grupa Dzia\u0142ania\",\"isPartOf\":{\"@id\":\"https:\/\/swietokrzyskalgr.eu\/#website\"},\"datePublished\":\"2025-03-24T12:08:34+00:00\",\"dateModified\":\"2026-02-04T12:01:31+00:00\",\"breadcrumb\":{\"@id\":\"https:\/\/swietokrzyskalgr.eu\/index.php\/wykaz-czlonkow\/#breadcrumb\"},\"inLanguage\":\"pl-PL\",\"potentialAction\":[{\"@type\":\"ReadAction\",\"target\":[\"https:\/\/swietokrzyskalgr.eu\/index.php\/wykaz-czlonkow\/\"]}]},{\"@type\":\"BreadcrumbList\",\"@id\":\"https:\/\/swietokrzyskalgr.eu\/index.php\/wykaz-czlonkow\/#breadcrumb\",\"itemListElement\":[{\"@type\":\"ListItem\",\"position\":1,\"name\":\"Home\",\"item\":\"https:\/\/swietokrzyskalgr.eu\/\"},{\"@type\":\"ListItem\",\"position\":2,\"name\":\"Wykaz cz\u0142onk\u00f3w\"}]},{\"@type\":\"WebSite\",\"@id\":\"https:\/\/swietokrzyskalgr.eu\/#website\",\"url\":\"https:\/\/swietokrzyskalgr.eu\/\",\"name\":\"\u015awi\u0119tokrzyska Rybacka Lokalna Grupa Dzia\u0142ania\",\"description\":\"\",\"potentialAction\":[{\"@type\":\"SearchAction\",\"target\":{\"@type\":\"EntryPoint\",\"urlTemplate\":\"https:\/\/swietokrzyskalgr.eu\/?s={search_term_string}\"},\"query-input\":{\"@type\":\"PropertyValueSpecification\",\"valueRequired\":true,\"valueName\":\"search_term_string\"}}],\"inLanguage\":\"pl-PL\"}]}<\/script>\n<!-- \/ Yoast SEO plugin. -->","yoast_head_json":{"title":"Wykaz cz\u0142onk\u00f3w - \u015awi\u0119tokrzyska Rybacka Lokalna Grupa Dzia\u0142ania","robots":{"index":"index","follow":"follow","max-snippet":"max-snippet:-1","max-image-preview":"max-image-preview:large","max-video-preview":"max-video-preview:-1"},"canonical":"https:\/\/swietokrzyskalgr.eu\/index.php\/wykaz-czlonkow\/","og_locale":"pl_PL","og_type":"article","og_title":"Wykaz cz\u0142onk\u00f3w - \u015awi\u0119tokrzyska Rybacka Lokalna Grupa Dzia\u0142ania","og_description":"DEKLARACJA CZ\u0141ONKOWSKA CZ\u0141ONKOWIE:","og_url":"https:\/\/swietokrzyskalgr.eu\/index.php\/wykaz-czlonkow\/","og_site_name":"\u015awi\u0119tokrzyska Rybacka Lokalna Grupa Dzia\u0142ania","article_modified_time":"2026-02-04T12:01:31+00:00","twitter_card":"summary_large_image","twitter_misc":{"Szacowany czas czytania":"1 minuta"},"schema":{"@context":"https:\/\/schema.org","@graph":[{"@type":"WebPage","@id":"https:\/\/swietokrzyskalgr.eu\/index.php\/wykaz-czlonkow\/","url":"https:\/\/swietokrzyskalgr.eu\/index.php\/wykaz-czlonkow\/","name":"Wykaz cz\u0142onk\u00f3w - \u015awi\u0119tokrzyska Rybacka Lokalna Grupa Dzia\u0142ania","isPartOf":{"@id":"https:\/\/swietokrzyskalgr.eu\/#website"},"datePublished":"2025-03-24T12:08:34+00:00","dateModified":"2026-02-04T12:01:31+00:00","breadcrumb":{"@id":"https:\/\/swietokrzyskalgr.eu\/index.php\/wykaz-czlonkow\/#breadcrumb"},"inLanguage":"pl-PL","potentialAction":[{"@type":"ReadAction","target":["https:\/\/swietokrzyskalgr.eu\/index.php\/wykaz-czlonkow\/"]}]},{"@type":"BreadcrumbList","@id":"https:\/\/swietokrzyskalgr.eu\/index.php\/wykaz-czlonkow\/#breadcrumb","itemListElement":[{"@type":"ListItem","position":1,"name":"Home","item":"https:\/\/swietokrzyskalgr.eu\/"},{"@type":"ListItem","position":2,"name":"Wykaz cz\u0142onk\u00f3w"}]},{"@type":"WebSite","@id":"https:\/\/swietokrzyskalgr.eu\/#website","url":"https:\/\/swietokrzyskalgr.eu\/","name":"\u015awi\u0119tokrzyska Rybacka Lokalna Grupa Dzia\u0142ania","description":"","potentialAction":[{"@type":"SearchAction","target":{"@type":"EntryPoint","urlTemplate":"https:\/\/swietokrzyskalgr.eu\/?s={search_term_string}"},"query-input":{"@type":"PropertyValueSpecification","valueRequired":true,"valueName":"search_term_string"}}],"inLanguage":"pl-PL"}]}},"_links":{"self":[{"href":"https:\/\/swietokrzyskalgr.eu\/index.php\/wp-json\/wp\/v2\/pages\/174","targetHints":{"allow":["GET"]}}],"collection":[{"href":"https:\/\/swietokrzyskalgr.eu\/index.php\/wp-json\/wp\/v2\/pages"}],"about":[{"href":"https:\/\/swietokrzyskalgr.eu\/index.php\/wp-json\/wp\/v2\/types\/page"}],"author":[{"embeddable":true,"href":"https:\/\/swietokrzyskalgr.eu\/index.php\/wp-json\/wp\/v2\/users\/1"}],"replies":[{"embeddable":true,"href":"https:\/\/swietokrzyskalgr.eu\/index.php\/wp-json\/wp\/v2\/comments?post=174"}],"version-history":[{"count":32,"href":"https:\/\/swietokrzyskalgr.eu\/index.php\/wp-json\/wp\/v2\/pages\/174\/revisions"}],"predecessor-version":[{"id":1043,"href":"https:\/\/swietokrzyskalgr.eu\/index.php\/wp-json\/wp\/v2\/pages\/174\/revisions\/1043"}],"wp:attachment":[{"href":"https:\/\/swietokrzyskalgr.eu\/index.php\/wp-json\/wp\/v2\/media?parent=174"}],"curies":[{"name":"wp","href":"https:\/\/api.w.org\/{rel}","templated":true}]}}