{"id":18,"date":"2025-03-18T20:09:46","date_gmt":"2025-03-18T19:09:46","guid":{"rendered":"https:\/\/srlgd.pl\/?page_id=18"},"modified":"2026-02-05T15:23:06","modified_gmt":"2026-02-05T14:23:06","slug":"zarzad","status":"publish","type":"page","link":"https:\/\/swietokrzyskalgr.eu\/index.php\/zarzad\/","title":{"rendered":"Zarz\u0105d"},"content":{"rendered":"\n<figure class=\"wp-block-image aligncenter size-full\"><img fetchpriority=\"high\" decoding=\"async\" width=\"756\" height=\"557\" src=\"https:\/\/swietokrzyskalgr.eu\/wp-content\/uploads\/2026\/02\/ZARZAD-SRLGD.png\" alt=\"\" class=\"wp-image-1082\" srcset=\"https:\/\/swietokrzyskalgr.eu\/wp-content\/uploads\/2026\/02\/ZARZAD-SRLGD.png 756w, https:\/\/swietokrzyskalgr.eu\/wp-content\/uploads\/2026\/02\/ZARZAD-SRLGD-300x221.png 300w\" sizes=\"(max-width: 756px) 100vw, 756px\" \/><\/figure>\n\n\n\n<p><\/p>\n","protected":false},"excerpt":{"rendered":"","protected":false},"author":1,"featured_media":0,"parent":0,"menu_order":0,"comment_status":"closed","ping_status":"closed","template":"","meta":{"om_disable_all_campaigns":false,"footnotes":""},"class_list":["post-18","page","type-page","status-publish","hentry"],"yoast_head":"<!-- This site is optimized with the Yoast SEO plugin v26.9 - https:\/\/yoast.com\/product\/yoast-seo-wordpress\/ -->\n<title>Zarz\u0105d - \u015awi\u0119tokrzyska Rybacka Lokalna Grupa Dzia\u0142ania<\/title>\n<meta name=\"robots\" content=\"index, follow, max-snippet:-1, max-image-preview:large, max-video-preview:-1\" \/>\n<link rel=\"canonical\" href=\"https:\/\/swietokrzyskalgr.eu\/index.php\/zarzad\/\" \/>\n<meta property=\"og:locale\" content=\"pl_PL\" \/>\n<meta property=\"og:type\" content=\"article\" \/>\n<meta property=\"og:title\" content=\"Zarz\u0105d - \u015awi\u0119tokrzyska Rybacka Lokalna Grupa Dzia\u0142ania\" \/>\n<meta property=\"og:url\" content=\"https:\/\/swietokrzyskalgr.eu\/index.php\/zarzad\/\" \/>\n<meta property=\"og:site_name\" content=\"\u015awi\u0119tokrzyska Rybacka Lokalna Grupa Dzia\u0142ania\" \/>\n<meta property=\"article:modified_time\" content=\"2026-02-05T14:23:06+00:00\" \/>\n<meta property=\"og:image\" content=\"https:\/\/swietokrzyskalgr.eu\/wp-content\/uploads\/2026\/02\/ZARZAD-SRLGD.png\" \/>\n\t<meta property=\"og:image:width\" content=\"756\" \/>\n\t<meta property=\"og:image:height\" content=\"557\" \/>\n\t<meta property=\"og:image:type\" content=\"image\/png\" \/>\n<meta name=\"twitter:card\" content=\"summary_large_image\" \/>\n<meta name=\"twitter:label1\" content=\"Szacowany czas czytania\" \/>\n\t<meta name=\"twitter:data1\" content=\"1 minuta\" \/>\n<script type=\"application\/ld+json\" class=\"yoast-schema-graph\">{\"@context\":\"https:\/\/schema.org\",\"@graph\":[{\"@type\":\"WebPage\",\"@id\":\"https:\/\/swietokrzyskalgr.eu\/index.php\/zarzad\/\",\"url\":\"https:\/\/swietokrzyskalgr.eu\/index.php\/zarzad\/\",\"name\":\"Zarz\u0105d - \u015awi\u0119tokrzyska Rybacka Lokalna Grupa Dzia\u0142ania\",\"isPartOf\":{\"@id\":\"https:\/\/swietokrzyskalgr.eu\/#website\"},\"primaryImageOfPage\":{\"@id\":\"https:\/\/swietokrzyskalgr.eu\/index.php\/zarzad\/#primaryimage\"},\"image\":{\"@id\":\"https:\/\/swietokrzyskalgr.eu\/index.php\/zarzad\/#primaryimage\"},\"thumbnailUrl\":\"https:\/\/swietokrzyskalgr.eu\/wp-content\/uploads\/2026\/02\/ZARZAD-SRLGD.png\",\"datePublished\":\"2025-03-18T19:09:46+00:00\",\"dateModified\":\"2026-02-05T14:23:06+00:00\",\"breadcrumb\":{\"@id\":\"https:\/\/swietokrzyskalgr.eu\/index.php\/zarzad\/#breadcrumb\"},\"inLanguage\":\"pl-PL\",\"potentialAction\":[{\"@type\":\"ReadAction\",\"target\":[\"https:\/\/swietokrzyskalgr.eu\/index.php\/zarzad\/\"]}]},{\"@type\":\"ImageObject\",\"inLanguage\":\"pl-PL\",\"@id\":\"https:\/\/swietokrzyskalgr.eu\/index.php\/zarzad\/#primaryimage\",\"url\":\"https:\/\/swietokrzyskalgr.eu\/wp-content\/uploads\/2026\/02\/ZARZAD-SRLGD.png\",\"contentUrl\":\"https:\/\/swietokrzyskalgr.eu\/wp-content\/uploads\/2026\/02\/ZARZAD-SRLGD.png\",\"width\":756,\"height\":557},{\"@type\":\"BreadcrumbList\",\"@id\":\"https:\/\/swietokrzyskalgr.eu\/index.php\/zarzad\/#breadcrumb\",\"itemListElement\":[{\"@type\":\"ListItem\",\"position\":1,\"name\":\"Home\",\"item\":\"https:\/\/swietokrzyskalgr.eu\/\"},{\"@type\":\"ListItem\",\"position\":2,\"name\":\"Zarz\u0105d\"}]},{\"@type\":\"WebSite\",\"@id\":\"https:\/\/swietokrzyskalgr.eu\/#website\",\"url\":\"https:\/\/swietokrzyskalgr.eu\/\",\"name\":\"\u015awi\u0119tokrzyska Rybacka Lokalna Grupa Dzia\u0142ania\",\"description\":\"\",\"potentialAction\":[{\"@type\":\"SearchAction\",\"target\":{\"@type\":\"EntryPoint\",\"urlTemplate\":\"https:\/\/swietokrzyskalgr.eu\/?s={search_term_string}\"},\"query-input\":{\"@type\":\"PropertyValueSpecification\",\"valueRequired\":true,\"valueName\":\"search_term_string\"}}],\"inLanguage\":\"pl-PL\"}]}<\/script>\n<!-- \/ Yoast SEO plugin. -->","yoast_head_json":{"title":"Zarz\u0105d - \u015awi\u0119tokrzyska Rybacka Lokalna Grupa Dzia\u0142ania","robots":{"index":"index","follow":"follow","max-snippet":"max-snippet:-1","max-image-preview":"max-image-preview:large","max-video-preview":"max-video-preview:-1"},"canonical":"https:\/\/swietokrzyskalgr.eu\/index.php\/zarzad\/","og_locale":"pl_PL","og_type":"article","og_title":"Zarz\u0105d - \u015awi\u0119tokrzyska Rybacka Lokalna Grupa Dzia\u0142ania","og_url":"https:\/\/swietokrzyskalgr.eu\/index.php\/zarzad\/","og_site_name":"\u015awi\u0119tokrzyska Rybacka Lokalna Grupa Dzia\u0142ania","article_modified_time":"2026-02-05T14:23:06+00:00","og_image":[{"width":756,"height":557,"url":"https:\/\/swietokrzyskalgr.eu\/wp-content\/uploads\/2026\/02\/ZARZAD-SRLGD.png","type":"image\/png"}],"twitter_card":"summary_large_image","twitter_misc":{"Szacowany czas czytania":"1 minuta"},"schema":{"@context":"https:\/\/schema.org","@graph":[{"@type":"WebPage","@id":"https:\/\/swietokrzyskalgr.eu\/index.php\/zarzad\/","url":"https:\/\/swietokrzyskalgr.eu\/index.php\/zarzad\/","name":"Zarz\u0105d - \u015awi\u0119tokrzyska Rybacka Lokalna Grupa Dzia\u0142ania","isPartOf":{"@id":"https:\/\/swietokrzyskalgr.eu\/#website"},"primaryImageOfPage":{"@id":"https:\/\/swietokrzyskalgr.eu\/index.php\/zarzad\/#primaryimage"},"image":{"@id":"https:\/\/swietokrzyskalgr.eu\/index.php\/zarzad\/#primaryimage"},"thumbnailUrl":"https:\/\/swietokrzyskalgr.eu\/wp-content\/uploads\/2026\/02\/ZARZAD-SRLGD.png","datePublished":"2025-03-18T19:09:46+00:00","dateModified":"2026-02-05T14:23:06+00:00","breadcrumb":{"@id":"https:\/\/swietokrzyskalgr.eu\/index.php\/zarzad\/#breadcrumb"},"inLanguage":"pl-PL","potentialAction":[{"@type":"ReadAction","target":["https:\/\/swietokrzyskalgr.eu\/index.php\/zarzad\/"]}]},{"@type":"ImageObject","inLanguage":"pl-PL","@id":"https:\/\/swietokrzyskalgr.eu\/index.php\/zarzad\/#primaryimage","url":"https:\/\/swietokrzyskalgr.eu\/wp-content\/uploads\/2026\/02\/ZARZAD-SRLGD.png","contentUrl":"https:\/\/swietokrzyskalgr.eu\/wp-content\/uploads\/2026\/02\/ZARZAD-SRLGD.png","width":756,"height":557},{"@type":"BreadcrumbList","@id":"https:\/\/swietokrzyskalgr.eu\/index.php\/zarzad\/#breadcrumb","itemListElement":[{"@type":"ListItem","position":1,"name":"Home","item":"https:\/\/swietokrzyskalgr.eu\/"},{"@type":"ListItem","position":2,"name":"Zarz\u0105d"}]},{"@type":"WebSite","@id":"https:\/\/swietokrzyskalgr.eu\/#website","url":"https:\/\/swietokrzyskalgr.eu\/","name":"\u015awi\u0119tokrzyska Rybacka Lokalna Grupa Dzia\u0142ania","description":"","potentialAction":[{"@type":"SearchAction","target":{"@type":"EntryPoint","urlTemplate":"https:\/\/swietokrzyskalgr.eu\/?s={search_term_string}"},"query-input":{"@type":"PropertyValueSpecification","valueRequired":true,"valueName":"search_term_string"}}],"inLanguage":"pl-PL"}]}},"_links":{"self":[{"href":"https:\/\/swietokrzyskalgr.eu\/index.php\/wp-json\/wp\/v2\/pages\/18","targetHints":{"allow":["GET"]}}],"collection":[{"href":"https:\/\/swietokrzyskalgr.eu\/index.php\/wp-json\/wp\/v2\/pages"}],"about":[{"href":"https:\/\/swietokrzyskalgr.eu\/index.php\/wp-json\/wp\/v2\/types\/page"}],"author":[{"embeddable":true,"href":"https:\/\/swietokrzyskalgr.eu\/index.php\/wp-json\/wp\/v2\/users\/1"}],"replies":[{"embeddable":true,"href":"https:\/\/swietokrzyskalgr.eu\/index.php\/wp-json\/wp\/v2\/comments?post=18"}],"version-history":[{"count":5,"href":"https:\/\/swietokrzyskalgr.eu\/index.php\/wp-json\/wp\/v2\/pages\/18\/revisions"}],"predecessor-version":[{"id":1083,"href":"https:\/\/swietokrzyskalgr.eu\/index.php\/wp-json\/wp\/v2\/pages\/18\/revisions\/1083"}],"wp:attachment":[{"href":"https:\/\/swietokrzyskalgr.eu\/index.php\/wp-json\/wp\/v2\/media?parent=18"}],"curies":[{"name":"wp","href":"https:\/\/api.w.org\/{rel}","templated":true}]}}