{"id":21,"date":"2025-03-18T20:12:05","date_gmt":"2025-03-18T19:12:05","guid":{"rendered":"https:\/\/srlgd.pl\/?page_id=21"},"modified":"2025-10-06T11:57:35","modified_gmt":"2025-10-06T09:57:35","slug":"kontakt","status":"publish","type":"page","link":"https:\/\/swietokrzyskalgr.eu\/index.php\/kontakt\/","title":{"rendered":"Kontakt"},"content":{"rendered":"\n<h2 class=\"wp-block-heading\"><strong>\u015awi\u0119tokrzyska Rybacka<\/strong> <strong><strong>Lokalna Grupa Dzia\u0142ania<\/strong><\/strong><\/h2>\n\n\n\n<p><\/p>\n\n\n\n<div class=\"wp-block-media-text alignwide is-stacked-on-mobile\" style=\"grid-template-columns:15% auto\"><figure class=\"wp-block-media-text__media\"><img fetchpriority=\"high\" decoding=\"async\" width=\"500\" height=\"350\" src=\"https:\/\/srlgd.pl\/wp-content\/uploads\/2025\/04\/promocja-1.jpg\" alt=\"\" class=\"wp-image-223 size-full\" srcset=\"https:\/\/swietokrzyskalgr.eu\/wp-content\/uploads\/2025\/04\/promocja-1.jpg 500w, https:\/\/swietokrzyskalgr.eu\/wp-content\/uploads\/2025\/04\/promocja-1-300x210.jpg 300w\" sizes=\"(max-width: 500px) 100vw, 500px\" \/><\/figure><div class=\"wp-block-media-text__content\">\n<p class=\"has-text-align-left has-pale-cyan-blue-background-color has-background has-superbfont-medium-font-size\"><strong>os. Jana Bro\u017cka 3 <br>29-100 W\u0142oszczowa<br><br>\u015brody: 7:20 -15:20,<br>w okresie nabor\u00f3w: pn. &#8211; pt. 7:20 &#8211; 15:20<\/strong><\/p>\n\n\n\n<p class=\"has-pale-cyan-blue-background-color has-background\" style=\"padding-top:var(--wp--preset--spacing--superbspacing-xsmall);padding-bottom:var(--wp--preset--spacing--superbspacing-xsmall)\"><strong>ul. 11 Listopada 30<br>28-300 J\u0119drzej\u00f3w<br><br>pn. &#8211; pt.: 8:00 &#8211; 16:00<\/strong><\/p>\n\n\n\n<p class=\"has-text-align-left has-contrast-dark-color has-pale-pink-background-color has-text-color has-background has-link-color has-superbfont-medium-font-size wp-elements-3e6c6b52b491be3b6a740bd7eb7bb194\"><strong>e-mail: <a href=\"mailto:biuro@swietokrzyskalgr.eu\">biuro@swietokrzyskalgr.eu<\/a><\/strong><\/p>\n\n\n\n<p class=\"has-contrast-dark-color has-pale-pink-background-color has-text-color has-background has-link-color wp-elements-f163e082b6d3a5fdbc630d47f41dbbf7\"><strong>adres do e-Dor\u0119cze\u0144:   <a href=\"AE:PL-71762-28476-BFSJE-39\">AE:PL-71762-28476-BFSJE-39<\/a><\/strong><\/p>\n\n\n\n<p class=\"has-contrast-dark-color has-pale-cyan-blue-background-color has-text-color has-background has-link-color has-superbfont-medium-font-size wp-elements-1222f85149c9f0cd4900e0f197b892e8\"><strong>tel: +48 690017120<br>tel: +48 538320181<\/strong><\/p>\n\n\n\n<p class=\"has-contrast-dark-color has-pale-cyan-blue-background-color has-text-color has-background has-link-color has-superbfont-medium-font-size wp-elements-94a2ed1f556e2929cdcbd6041944975e\"><strong>Facebook: www.facebook.com\/swietokrzyskalgr<\/strong><\/p>\n\n\n\n<p class=\"has-superbfont-large-font-size\"><strong>NIP: 609 007 25 83<br>KRS: 0000574777<\/strong><\/p>\n<\/div><\/div>\n\n\n\n<div class=\"wp-block-columns is-layout-flex wp-container-core-columns-is-layout-28f84493 wp-block-columns-is-layout-flex\">\n<div class=\"wp-block-column is-layout-flow wp-block-column-is-layout-flow\">\n<div class=\"wp-block-gmap-gmap-block gmap-block-melpdoks\"><iframe src=\"https:\/\/maps.google.com\/maps?q=Jana+Bro%C5%BCka+3+W%C5%82oszczowa&amp;z=15&amp;t=roadmap&amp;output=embed\" class=\"embd-map\" title=\"Jana Bro\u017cka 3 W\u0142oszczowa\"><\/iframe><\/div>\n<\/div>\n\n\n\n<div class=\"wp-block-column is-layout-flow wp-block-column-is-layout-flow\">\n<div class=\"wp-block-gmap-gmap-block gmap-block-btk2j76l\"><iframe src=\"https:\/\/maps.google.com\/maps?q=ul.+11+listopada+30+28-300+J%C4%99drzej%C3%B3w&amp;z=16&amp;t=roadmap&amp;output=embed\" class=\"embd-map\" title=\"ul. 11 listopada 30 28-300 J\u0119drzej\u00f3w\"><\/iframe><\/div>\n<\/div>\n<\/div>\n\n\n\n<p><br><\/p>\n\n\n\n<p><\/p>\n","protected":false},"excerpt":{"rendered":"<p>\u015awi\u0119tokrzyska Rybacka Lokalna Grupa Dzia\u0142ania os. Jana Bro\u017cka 3 29-100 W\u0142oszczowa \u015brody: 7:20 -15:20,w okresie nabor\u00f3w: pn. &#8211; pt. 7:20 &#8211; 15:20 ul. 11 Listopada 3028-300 J\u0119drzej\u00f3w pn. &#8211; pt.: 8:00 &#8211; 16:00 e-mail: biuro@swietokrzyskalgr.eu adres do e-Dor\u0119cze\u0144: AE:PL-71762-28476-BFSJE-39 tel: +48 690017120tel: +48 538320181 Facebook: www.facebook.com\/swietokrzyskalgr NIP: 609 007 25 83KRS: 0000574777<\/p>\n","protected":false},"author":1,"featured_media":0,"parent":0,"menu_order":0,"comment_status":"closed","ping_status":"closed","template":"","meta":{"om_disable_all_campaigns":false,"footnotes":""},"class_list":["post-21","page","type-page","status-publish","hentry"],"yoast_head":"<!-- This site is optimized with the Yoast SEO plugin v26.9 - https:\/\/yoast.com\/product\/yoast-seo-wordpress\/ -->\n<title>Kontakt - \u015awi\u0119tokrzyska Rybacka Lokalna Grupa Dzia\u0142ania<\/title>\n<meta name=\"robots\" content=\"index, follow, max-snippet:-1, max-image-preview:large, max-video-preview:-1\" \/>\n<link rel=\"canonical\" href=\"https:\/\/swietokrzyskalgr.eu\/index.php\/kontakt\/\" \/>\n<meta property=\"og:locale\" content=\"pl_PL\" \/>\n<meta property=\"og:type\" content=\"article\" \/>\n<meta property=\"og:title\" content=\"Kontakt - \u015awi\u0119tokrzyska Rybacka Lokalna Grupa Dzia\u0142ania\" \/>\n<meta property=\"og:description\" content=\"\u015awi\u0119tokrzyska Rybacka Lokalna Grupa Dzia\u0142ania os. Jana Bro\u017cka 3 29-100 W\u0142oszczowa \u015brody: 7:20 -15:20,w okresie nabor\u00f3w: pn. &#8211; pt. 7:20 &#8211; 15:20 ul. 11 Listopada 3028-300 J\u0119drzej\u00f3w pn. &#8211; pt.: 8:00 &#8211; 16:00 e-mail: biuro@swietokrzyskalgr.eu adres do e-Dor\u0119cze\u0144: AE:PL-71762-28476-BFSJE-39 tel: +48 690017120tel: +48 538320181 Facebook: www.facebook.com\/swietokrzyskalgr NIP: 609 007 25 83KRS: 0000574777\" \/>\n<meta property=\"og:url\" content=\"https:\/\/swietokrzyskalgr.eu\/index.php\/kontakt\/\" \/>\n<meta property=\"og:site_name\" content=\"\u015awi\u0119tokrzyska Rybacka Lokalna Grupa Dzia\u0142ania\" \/>\n<meta property=\"article:modified_time\" content=\"2025-10-06T09:57:35+00:00\" \/>\n<meta property=\"og:image\" content=\"https:\/\/swietokrzyskalgr.eu\/wp-content\/uploads\/2025\/04\/promocja-1.jpg\" \/>\n\t<meta property=\"og:image:width\" content=\"500\" \/>\n\t<meta property=\"og:image:height\" content=\"350\" \/>\n\t<meta property=\"og:image:type\" content=\"image\/jpeg\" \/>\n<meta name=\"twitter:card\" content=\"summary_large_image\" \/>\n<meta name=\"twitter:label1\" content=\"Szacowany czas czytania\" \/>\n\t<meta name=\"twitter:data1\" content=\"1 minuta\" \/>\n<script type=\"application\/ld+json\" class=\"yoast-schema-graph\">{\"@context\":\"https:\/\/schema.org\",\"@graph\":[{\"@type\":\"WebPage\",\"@id\":\"https:\/\/swietokrzyskalgr.eu\/index.php\/kontakt\/\",\"url\":\"https:\/\/swietokrzyskalgr.eu\/index.php\/kontakt\/\",\"name\":\"Kontakt - \u015awi\u0119tokrzyska Rybacka Lokalna Grupa Dzia\u0142ania\",\"isPartOf\":{\"@id\":\"https:\/\/swietokrzyskalgr.eu\/#website\"},\"primaryImageOfPage\":{\"@id\":\"https:\/\/swietokrzyskalgr.eu\/index.php\/kontakt\/#primaryimage\"},\"image\":{\"@id\":\"https:\/\/swietokrzyskalgr.eu\/index.php\/kontakt\/#primaryimage\"},\"thumbnailUrl\":\"https:\/\/srlgd.pl\/wp-content\/uploads\/2025\/04\/promocja-1.jpg\",\"datePublished\":\"2025-03-18T19:12:05+00:00\",\"dateModified\":\"2025-10-06T09:57:35+00:00\",\"breadcrumb\":{\"@id\":\"https:\/\/swietokrzyskalgr.eu\/index.php\/kontakt\/#breadcrumb\"},\"inLanguage\":\"pl-PL\",\"potentialAction\":[{\"@type\":\"ReadAction\",\"target\":[\"https:\/\/swietokrzyskalgr.eu\/index.php\/kontakt\/\"]}]},{\"@type\":\"ImageObject\",\"inLanguage\":\"pl-PL\",\"@id\":\"https:\/\/swietokrzyskalgr.eu\/index.php\/kontakt\/#primaryimage\",\"url\":\"https:\/\/srlgd.pl\/wp-content\/uploads\/2025\/04\/promocja-1.jpg\",\"contentUrl\":\"https:\/\/srlgd.pl\/wp-content\/uploads\/2025\/04\/promocja-1.jpg\"},{\"@type\":\"BreadcrumbList\",\"@id\":\"https:\/\/swietokrzyskalgr.eu\/index.php\/kontakt\/#breadcrumb\",\"itemListElement\":[{\"@type\":\"ListItem\",\"position\":1,\"name\":\"Home\",\"item\":\"https:\/\/swietokrzyskalgr.eu\/\"},{\"@type\":\"ListItem\",\"position\":2,\"name\":\"Kontakt\"}]},{\"@type\":\"WebSite\",\"@id\":\"https:\/\/swietokrzyskalgr.eu\/#website\",\"url\":\"https:\/\/swietokrzyskalgr.eu\/\",\"name\":\"\u015awi\u0119tokrzyska Rybacka Lokalna Grupa Dzia\u0142ania\",\"description\":\"\",\"potentialAction\":[{\"@type\":\"SearchAction\",\"target\":{\"@type\":\"EntryPoint\",\"urlTemplate\":\"https:\/\/swietokrzyskalgr.eu\/?s={search_term_string}\"},\"query-input\":{\"@type\":\"PropertyValueSpecification\",\"valueRequired\":true,\"valueName\":\"search_term_string\"}}],\"inLanguage\":\"pl-PL\"}]}<\/script>\n<!-- \/ Yoast SEO plugin. -->","yoast_head_json":{"title":"Kontakt - \u015awi\u0119tokrzyska Rybacka Lokalna Grupa Dzia\u0142ania","robots":{"index":"index","follow":"follow","max-snippet":"max-snippet:-1","max-image-preview":"max-image-preview:large","max-video-preview":"max-video-preview:-1"},"canonical":"https:\/\/swietokrzyskalgr.eu\/index.php\/kontakt\/","og_locale":"pl_PL","og_type":"article","og_title":"Kontakt - \u015awi\u0119tokrzyska Rybacka Lokalna Grupa Dzia\u0142ania","og_description":"\u015awi\u0119tokrzyska Rybacka Lokalna Grupa Dzia\u0142ania os. Jana Bro\u017cka 3 29-100 W\u0142oszczowa \u015brody: 7:20 -15:20,w okresie nabor\u00f3w: pn. &#8211; pt. 7:20 &#8211; 15:20 ul. 11 Listopada 3028-300 J\u0119drzej\u00f3w pn. &#8211; pt.: 8:00 &#8211; 16:00 e-mail: biuro@swietokrzyskalgr.eu adres do e-Dor\u0119cze\u0144: AE:PL-71762-28476-BFSJE-39 tel: +48 690017120tel: +48 538320181 Facebook: www.facebook.com\/swietokrzyskalgr NIP: 609 007 25 83KRS: 0000574777","og_url":"https:\/\/swietokrzyskalgr.eu\/index.php\/kontakt\/","og_site_name":"\u015awi\u0119tokrzyska Rybacka Lokalna Grupa Dzia\u0142ania","article_modified_time":"2025-10-06T09:57:35+00:00","og_image":[{"width":500,"height":350,"url":"https:\/\/swietokrzyskalgr.eu\/wp-content\/uploads\/2025\/04\/promocja-1.jpg","type":"image\/jpeg"}],"twitter_card":"summary_large_image","twitter_misc":{"Szacowany czas czytania":"1 minuta"},"schema":{"@context":"https:\/\/schema.org","@graph":[{"@type":"WebPage","@id":"https:\/\/swietokrzyskalgr.eu\/index.php\/kontakt\/","url":"https:\/\/swietokrzyskalgr.eu\/index.php\/kontakt\/","name":"Kontakt - \u015awi\u0119tokrzyska Rybacka Lokalna Grupa Dzia\u0142ania","isPartOf":{"@id":"https:\/\/swietokrzyskalgr.eu\/#website"},"primaryImageOfPage":{"@id":"https:\/\/swietokrzyskalgr.eu\/index.php\/kontakt\/#primaryimage"},"image":{"@id":"https:\/\/swietokrzyskalgr.eu\/index.php\/kontakt\/#primaryimage"},"thumbnailUrl":"https:\/\/srlgd.pl\/wp-content\/uploads\/2025\/04\/promocja-1.jpg","datePublished":"2025-03-18T19:12:05+00:00","dateModified":"2025-10-06T09:57:35+00:00","breadcrumb":{"@id":"https:\/\/swietokrzyskalgr.eu\/index.php\/kontakt\/#breadcrumb"},"inLanguage":"pl-PL","potentialAction":[{"@type":"ReadAction","target":["https:\/\/swietokrzyskalgr.eu\/index.php\/kontakt\/"]}]},{"@type":"ImageObject","inLanguage":"pl-PL","@id":"https:\/\/swietokrzyskalgr.eu\/index.php\/kontakt\/#primaryimage","url":"https:\/\/srlgd.pl\/wp-content\/uploads\/2025\/04\/promocja-1.jpg","contentUrl":"https:\/\/srlgd.pl\/wp-content\/uploads\/2025\/04\/promocja-1.jpg"},{"@type":"BreadcrumbList","@id":"https:\/\/swietokrzyskalgr.eu\/index.php\/kontakt\/#breadcrumb","itemListElement":[{"@type":"ListItem","position":1,"name":"Home","item":"https:\/\/swietokrzyskalgr.eu\/"},{"@type":"ListItem","position":2,"name":"Kontakt"}]},{"@type":"WebSite","@id":"https:\/\/swietokrzyskalgr.eu\/#website","url":"https:\/\/swietokrzyskalgr.eu\/","name":"\u015awi\u0119tokrzyska Rybacka Lokalna Grupa Dzia\u0142ania","description":"","potentialAction":[{"@type":"SearchAction","target":{"@type":"EntryPoint","urlTemplate":"https:\/\/swietokrzyskalgr.eu\/?s={search_term_string}"},"query-input":{"@type":"PropertyValueSpecification","valueRequired":true,"valueName":"search_term_string"}}],"inLanguage":"pl-PL"}]}},"_links":{"self":[{"href":"https:\/\/swietokrzyskalgr.eu\/index.php\/wp-json\/wp\/v2\/pages\/21","targetHints":{"allow":["GET"]}}],"collection":[{"href":"https:\/\/swietokrzyskalgr.eu\/index.php\/wp-json\/wp\/v2\/pages"}],"about":[{"href":"https:\/\/swietokrzyskalgr.eu\/index.php\/wp-json\/wp\/v2\/types\/page"}],"author":[{"embeddable":true,"href":"https:\/\/swietokrzyskalgr.eu\/index.php\/wp-json\/wp\/v2\/users\/1"}],"replies":[{"embeddable":true,"href":"https:\/\/swietokrzyskalgr.eu\/index.php\/wp-json\/wp\/v2\/comments?post=21"}],"version-history":[{"count":25,"href":"https:\/\/swietokrzyskalgr.eu\/index.php\/wp-json\/wp\/v2\/pages\/21\/revisions"}],"predecessor-version":[{"id":811,"href":"https:\/\/swietokrzyskalgr.eu\/index.php\/wp-json\/wp\/v2\/pages\/21\/revisions\/811"}],"wp:attachment":[{"href":"https:\/\/swietokrzyskalgr.eu\/index.php\/wp-json\/wp\/v2\/media?parent=21"}],"curies":[{"name":"wp","href":"https:\/\/api.w.org\/{rel}","templated":true}]}}