{"id":7,"date":"2025-03-18T19:32:51","date_gmt":"2025-03-18T18:32:51","guid":{"rendered":"https:\/\/serwer2084197.home.pl\/autoinstalator\/wordpressplugins\/?page_id=7"},"modified":"2025-05-27T14:01:57","modified_gmt":"2025-05-27T12:01:57","slug":"stowarzyszenie","status":"publish","type":"page","link":"https:\/\/swietokrzyskalgr.eu\/index.php\/stowarzyszenie\/","title":{"rendered":"Dokumenty Stowarzyszenia"},"content":{"rendered":"\n<div class=\"wp-block-group alignfull has-accent-background-color has-background has-global-padding is-layout-constrained wp-container-core-group-is-layout-669513ed wp-block-group-is-layout-constrained\" style=\"margin-top:0;margin-bottom:0;padding-top:var(--wp--preset--spacing--50);padding-right:var(--wp--preset--spacing--50);padding-bottom:var(--wp--preset--spacing--50);padding-left:var(--wp--preset--spacing--50)\">\n<div class=\"wp-block-columns alignwide is-layout-flex wp-container-core-columns-is-layout-1da03c2a wp-block-columns-is-layout-flex\">\n<div class=\"wp-block-column is-layout-flow wp-block-column-is-layout-flow\">\n<div class=\"wp-block-file alignright has-pale-cyan-blue-background-color has-background has-link-color wp-elements-b1de22de304df162bd994df78853a16d\"><a id=\"wp-block-file--media-d64851d8-9d53-488a-bfdc-6e82be200a08\" href=\"https:\/\/swietokrzyskalgr.eu\/wp-content\/uploads\/2025\/05\/UCHWALY-WZC-22.05.2025rok.-\u2014-projekt.pdf\">Materia\u0142y na WZC 22.05.2025r.<\/a><a href=\"https:\/\/swietokrzyskalgr.eu\/wp-content\/uploads\/2025\/05\/UCHWALY-WZC-22.05.2025rok.-\u2014-projekt.pdf\" class=\"wp-block-file__button wp-element-button\" download aria-describedby=\"wp-block-file--media-d64851d8-9d53-488a-bfdc-6e82be200a08\">Pobierz<\/a><\/div>\n\n\n\n<div class=\"wp-block-file alignright has-pale-pink-background-color has-background has-link-color wp-elements-f9b8717763b4ae5a57afc0553b1514ba\"><a id=\"wp-block-file--media-738f338e-3083-44dd-9628-fcb32c7b45ed\" href=\"https:\/\/swietokrzyskalgr.eu\/wp-content\/uploads\/2025\/05\/PROTOKOL-WZC-03.09.2024.pdf\">Protok\u00f3\u0142 WZC &#8211; 03.09.2024<\/a><a href=\"https:\/\/swietokrzyskalgr.eu\/wp-content\/uploads\/2025\/05\/PROTOKOL-WZC-03.09.2024.pdf\" class=\"wp-block-file__button wp-element-button\" download aria-describedby=\"wp-block-file--media-738f338e-3083-44dd-9628-fcb32c7b45ed\">Pobierz<\/a><\/div>\n\n\n\n<div class=\"wp-block-file alignright has-luminous-vivid-amber-background-color has-background has-link-color wp-elements-9bbe0215153b2ce1c0c4abd8b4bf5ccd\"><a id=\"wp-block-file--media-c1da14b3-e377-4cdf-9f75-85c42fb5395f\" href=\"https:\/\/swietokrzyskalgr.eu\/wp-content\/uploads\/2025\/05\/Protokol-WZC-28.06.2024.pdf\">Protok\u00f3\u0142 WZC 28.06.2024<\/a><a href=\"https:\/\/swietokrzyskalgr.eu\/wp-content\/uploads\/2025\/05\/Protokol-WZC-28.06.2024.pdf\" class=\"wp-block-file__button wp-element-button\" download aria-describedby=\"wp-block-file--media-c1da14b3-e377-4cdf-9f75-85c42fb5395f\">Pobierz<\/a><\/div>\n\n\n\n<div class=\"wp-block-file alignright has-light-green-cyan-background-color has-background has-link-color wp-elements-62b8e82fed2a4195558e6f4d22915c35\"><a id=\"wp-block-file--media-bb6e636b-8e0d-4b68-b366-a0ba43522b09\" href=\"https:\/\/swietokrzyskalgr.eu\/wp-content\/uploads\/2025\/05\/STATUT-SRLGD-2024.pdf\">Statut \u015aRLGD 2024<\/a><a href=\"https:\/\/swietokrzyskalgr.eu\/wp-content\/uploads\/2025\/05\/STATUT-SRLGD-2024.pdf\" class=\"wp-block-file__button wp-element-button\" download aria-describedby=\"wp-block-file--media-bb6e636b-8e0d-4b68-b366-a0ba43522b09\">Pobierz<\/a><\/div>\n\n\n\n<div class=\"wp-block-file alignright has-vivid-purple-background-color has-background has-link-color wp-elements-f1fa84142e3ca8a7541f184787325fed\"><a id=\"wp-block-file--media-5cefd107-545c-4289-a8c5-e8c867ec10c0\" href=\"https:\/\/swietokrzyskalgr.eu\/wp-content\/uploads\/2025\/05\/Regulamin-Rady-SRLGD-22.05.2025.pdf\">Regulamin Rady \u015aRLGD &#8211; 2025<\/a><a href=\"https:\/\/swietokrzyskalgr.eu\/wp-content\/uploads\/2025\/05\/Regulamin-Rady-SRLGD-22.05.2025.pdf\" class=\"wp-block-file__button wp-element-button\" download aria-describedby=\"wp-block-file--media-5cefd107-545c-4289-a8c5-e8c867ec10c0\">Pobierz<\/a><\/div>\n\n\n\n<div class=\"wp-block-file alignright has-luminous-vivid-orange-background-color has-background has-link-color wp-elements-5c27785db1332eba9cc7e5ac78311f79\"><a id=\"wp-block-file--media-57e62086-6d52-461f-abac-e69596f133ba\" href=\"https:\/\/swietokrzyskalgr.eu\/wp-content\/uploads\/2025\/04\/Regulamin-WZC-17.04.2015.pdf\">Regulamin WZC 17.04.2015<\/a><a href=\"https:\/\/swietokrzyskalgr.eu\/wp-content\/uploads\/2025\/04\/Regulamin-WZC-17.04.2015.pdf\" class=\"wp-block-file__button wp-element-button\" download aria-describedby=\"wp-block-file--media-57e62086-6d52-461f-abac-e69596f133ba\">Pobierz<\/a><\/div>\n\n\n\n<div class=\"wp-block-file alignright has-vivid-cyan-blue-background-color has-background has-link-color wp-elements-184107f5c7111b6a9dd1371c2fe1fbec\"><a id=\"wp-block-file--media-156b18b8-895e-4ab0-bdc7-f5750920d5de\" href=\"https:\/\/swietokrzyskalgr.eu\/wp-content\/uploads\/2025\/04\/Regulamin-Pracy-Zarzadu-17.04.2015.pdf\">Regulamin Pracy Zarz\u0105du 17.04.2015<\/a><a href=\"https:\/\/swietokrzyskalgr.eu\/wp-content\/uploads\/2025\/04\/Regulamin-Pracy-Zarzadu-17.04.2015.pdf\" class=\"wp-block-file__button wp-element-button\" download aria-describedby=\"wp-block-file--media-156b18b8-895e-4ab0-bdc7-f5750920d5de\">Pobierz<\/a><\/div>\n\n\n\n<div class=\"wp-block-file alignright\"><a id=\"wp-block-file--media-b10ae1b3-9fce-4057-be6c-dd63c6c3e452\" href=\"https:\/\/swietokrzyskalgr.eu\/wp-content\/uploads\/2025\/04\/harmonogram-naborow-2023.docx\">harmonogram nabor\u00f3w 2023<\/a><a href=\"https:\/\/swietokrzyskalgr.eu\/wp-content\/uploads\/2025\/04\/harmonogram-naborow-2023.docx\" class=\"wp-block-file__button wp-element-button\" download aria-describedby=\"wp-block-file--media-b10ae1b3-9fce-4057-be6c-dd63c6c3e452\">Pobierz<\/a><\/div>\n\n\n\n<div class=\"wp-block-file alignright\"><a id=\"wp-block-file--media-93d27620-f95f-4572-b19c-0298155a592b\" href=\"\/uploads\/2025\/03\/Procedura-oceny-i-wyboru-operacji.pdf\">Procedura oceny i wyboru operacji<\/a><a href=\"\/uploads\/2025\/03\/Procedura-oceny-i-wyboru-operacji.pdf\" class=\"wp-block-file__button wp-element-button\" download aria-describedby=\"wp-block-file--media-93d27620-f95f-4572-b19c-0298155a592b\">Pobierz<\/a><\/div>\n\n\n\n<div class=\"wp-block-file alignright\"><a id=\"wp-block-file--media-9e9cc297-1b35-478f-82bd-4fb07d39266c\" href=\"\/uploads\/2025\/04\/harmonogram-naborow-2023-1.docx\">harmonogram nabor\u00f3w 2023<\/a><a href=\"\/uploads\/2025\/04\/harmonogram-naborow-2023-1.docx\" class=\"wp-block-file__button wp-element-button\" download aria-describedby=\"wp-block-file--media-9e9cc297-1b35-478f-82bd-4fb07d39266c\">Pobierz<\/a><\/div>\n\n\n\n<div class=\"wp-block-file alignright\"><a id=\"wp-block-file--media-82a429c6-20a6-489d-9449-32d092b0e649\" href=\"\/uploads\/2025\/03\/Protokol-WZC-2020-rok.pdf\">Protok\u00f3\u0142 WZC 2020 rok<\/a><a href=\"\/uploads\/2025\/03\/Protokol-WZC-2020-rok.pdf\" class=\"wp-block-file__button wp-element-button\" download aria-describedby=\"wp-block-file--media-82a429c6-20a6-489d-9449-32d092b0e649\">Pobierz<\/a><\/div>\n\n\n\n<div class=\"wp-block-file alignright\"><a id=\"wp-block-file--media-a53379f5-3ac4-4f0f-8aaa-c73b96b5fc27\" href=\"\/uploads\/2025\/03\/Protokol-WZC-2020-rok.pdf\">Protok\u00f3\u0142 WZC 2020 rok<\/a><a href=\"\/uploads\/2025\/03\/Protokol-WZC-2020-rok.pdf\" class=\"wp-block-file__button wp-element-button\" download aria-describedby=\"wp-block-file--media-a53379f5-3ac4-4f0f-8aaa-c73b96b5fc27\">Pobierz<\/a><\/div>\n\n\n\n<p><\/p>\n\n\n\n<div class=\"wp-block-file alignright\"><a id=\"wp-block-file--media-782d68e1-9b3f-48a6-9a1f-44e735dab5a9\" href=\"\/uploads\/2025\/03\/Protokol-z-WZC-2022-r.pdf\">Protok\u00f3\u0142 z WZC 2022 r.<\/a><a href=\"\/uploads\/2025\/03\/Protokol-z-WZC-2022-r.pdf\" class=\"wp-block-file__button wp-element-button\" download aria-describedby=\"wp-block-file--media-782d68e1-9b3f-48a6-9a1f-44e735dab5a9\">Pobierz<\/a><\/div>\n\n\n\n<div class=\"wp-block-file alignright\"><a id=\"wp-block-file--media-f09a8e90-0832-4bb6-b91d-f1def106e352\" href=\"\/uploads\/2025\/03\/Protokol-WZC-2023-pdf.zip\">Protok\u00f3\u0142 WZC 2023 pdf<\/a><a href=\"\/uploads\/2025\/03\/Protokol-WZC-2023-pdf.zip\" class=\"wp-block-file__button wp-element-button\" download aria-describedby=\"wp-block-file--media-f09a8e90-0832-4bb6-b91d-f1def106e352\">Pobierz<\/a><\/div>\n<\/div>\n\n\n\n<div class=\"wp-block-column is-layout-flow wp-block-column-is-layout-flow\">\n<figure class=\"wp-block-image size-large\"><img fetchpriority=\"high\" decoding=\"async\" width=\"1024\" height=\"682\" src=\"\/uploads\/2025\/03\/PG9X8363fot.-Mariusz-Lezniak-1024x682.jpg\" alt=\"\" class=\"wp-image-133\" srcset=\"https:\/\/swietokrzyskalgr.eu\/wp-content\/uploads\/2025\/03\/PG9X8363fot.-Mariusz-Lezniak-1024x682.jpg 1024w, https:\/\/swietokrzyskalgr.eu\/wp-content\/uploads\/2025\/03\/PG9X8363fot.-Mariusz-Lezniak-300x200.jpg 300w, https:\/\/swietokrzyskalgr.eu\/wp-content\/uploads\/2025\/03\/PG9X8363fot.-Mariusz-Lezniak-768x512.jpg 768w, https:\/\/swietokrzyskalgr.eu\/wp-content\/uploads\/2025\/03\/PG9X8363fot.-Mariusz-Lezniak-1536x1023.jpg 1536w, https:\/\/swietokrzyskalgr.eu\/wp-content\/uploads\/2025\/03\/PG9X8363fot.-Mariusz-Lezniak-2048x1364.jpg 2048w\" sizes=\"(max-width: 1024px) 100vw, 1024px\" \/><\/figure>\n\n\n\n<figure class=\"wp-block-image size-large\"><img decoding=\"async\" width=\"1024\" height=\"699\" src=\"\/uploads\/2025\/03\/D-14-1024x699.jpg\" alt=\"\" class=\"wp-image-146\" srcset=\"https:\/\/swietokrzyskalgr.eu\/wp-content\/uploads\/2025\/03\/D-14-1024x699.jpg 1024w, https:\/\/swietokrzyskalgr.eu\/wp-content\/uploads\/2025\/03\/D-14-300x205.jpg 300w, https:\/\/swietokrzyskalgr.eu\/wp-content\/uploads\/2025\/03\/D-14-768x524.jpg 768w, https:\/\/swietokrzyskalgr.eu\/wp-content\/uploads\/2025\/03\/D-14-1536x1048.jpg 1536w, https:\/\/swietokrzyskalgr.eu\/wp-content\/uploads\/2025\/03\/D-14-2048x1398.jpg 2048w\" sizes=\"(max-width: 1024px) 100vw, 1024px\" \/><\/figure>\n<\/div>\n<\/div>\n<\/div>\n\n\n\n<h2 class=\"wp-block-heading\">Dokumenty do pobrania<\/h2>\n\n\n\n<div class=\"wp-block-columns is-layout-flex wp-container-core-columns-is-layout-28f84493 wp-block-columns-is-layout-flex\">\n<div class=\"wp-block-column is-layout-flow wp-block-column-is-layout-flow\">\n<div class=\"wp-block-file aligncenter\"><a id=\"wp-block-file--media-51c01ca6-ee71-40fc-b3da-8f167e618b37\" href=\"\/uploads\/2025\/03\/SPOSOB-WYKORZYSTANIA-SRODKOW-FINANSOWYCH-W-2023-ROKU-1.docx\">SPOS\u00d3B WYKORZYSTANIA \u015aRODK\u00d3W FINANSOWYCH W 2023 ROKU <\/a><\/div>\n\n\n\n<div class=\"wp-block-file aligncenter\"><a id=\"wp-block-file--media-43c45cbe-4d70-48a9-981c-8324c2a89313\" href=\"\/uploads\/2025\/03\/SPOSOB-WYKORZYSTANIA-SRODKOW-FINANSOWYCH-W-2022-ROKU.pdf\">SPOS\u00d3B WYKORZYSTANIA \u015aRODK\u00d3W FINANSOWYCH W 2022 ROKU<\/a><\/div>\n\n\n\n<div class=\"wp-block-file aligncenter\"><a id=\"wp-block-file--media-9b518e1e-c325-4db6-b72d-3ac77b97767d\" href=\"\/uploads\/2025\/03\/SPOSOB-WYKORZYSTANIA-SRODKOW-FINANSOWYCH-W-2021-ROKU.docx\">SPOS\u00d3B WYKORZYSTANIA \u015aRODK\u00d3W FINANSOWYCH W 2021 ROKU<\/a><\/div>\n\n\n\n<div class=\"wp-block-file aligncenter\"><a id=\"wp-block-file--media-dc4c861e-ab60-42b4-9e33-86a58e91853f\" href=\"\/uploads\/2025\/03\/SPOSOB-WYKORZYSTANIA-SRODKOW-FINANSOWYCH-W-2020-ROKU.docx\">SPOS\u00d3B WYKORZYSTANIA \u015aRODK\u00d3W FINANSOWYCH W 2020 ROKU.<\/a><\/div>\n\n\n\n<div class=\"wp-block-file aligncenter\"><a id=\"wp-block-file--media-9d90841b-4f42-4657-a63b-f2672663a7d5\" href=\"\/uploads\/2025\/03\/SPOSA_B_WYKORZYSTANIA_A_RODKA_W_FINANSOWYCH_W_2019_ROKU.docx\">SPOS\u00d3B_WYKORZYSTANIA_\u015aRODK\u00d3W_FINANSOWYCH_W_2019_ROKU<\/a><\/div>\n\n\n\n<div class=\"wp-block-file aligncenter\"><a id=\"wp-block-file--media-f0b37f46-ddf8-4803-9174-f0ccd4fece3e\" href=\"\/uploads\/2025\/03\/SPOSA_B_WYKORZYSTANIA_A_RODKA_W_FINANSOWYCH_W_2017_ROKU._1.docx\">SPOS\u00d3B_WYKORZYSTANIA_\u015aRODK\u00d3W_W_FINANSOWYCH_W_2017_ROKU<\/a><\/div>\n\n\n\n<div class=\"wp-block-file aligncenter\"><a id=\"wp-block-file--media-d6a2fa2d-65e8-4804-8f06-51a27f59bede\" href=\"\/uploads\/2025\/03\/SPOSA_B_WYKORZYSTANIA_A_RODKA_W_FINANSOWYCH_W_2016_ROKU_1.docx\">SPOS\u00d3B_WYKORZYSTANIA_\u015aRODK\u00d3W_FINANSOWYCH_W_2016_ROKU<\/a><\/div>\n<\/div>\n\n\n\n<div class=\"wp-block-column is-layout-flow wp-block-column-is-layout-flow\">\n<div class=\"wp-block-file aligncenter\"><a id=\"wp-block-file--media-5a174e9d-f879-4b8a-b530-2bd0633045ec\" href=\"\/uploads\/2025\/03\/rodo_na_strone.docx\">rodo<\/a><\/div>\n\n\n\n<div class=\"wp-block-file aligncenter\"><a id=\"wp-block-file--media-2037a33a-55d4-4aa2-b85e-8681d3b3fab1\" href=\"\/uploads\/2025\/03\/Lokalna-Strategia-Rozwoju-grudzien-2021-druk.docx\">Lokalna Strategia Rozwoju &#8211; grudzie\u0144 2021 druk<\/a><\/div>\n\n\n\n<div class=\"wp-block-file aligncenter\"><a id=\"wp-block-file--media-9fbff98b-da62-4434-a266-46c5f084a363\" href=\"\/uploads\/2025\/03\/Raport_ewaluacyjny_mid-term_SRLGD.pdf\">Raport_ewaluacyjny_mid-term_\u015aRLGD<\/a><\/div>\n\n\n\n<div class=\"wp-block-file aligncenter\"><a id=\"wp-block-file--media-b70a0449-797a-4344-b176-e6d6673663db\" href=\"\/uploads\/2025\/03\/Zalecenia-dla-gospodarstw-akwakultury.docx\">Zalecenia dla gospodarstw akwakultury<\/a><\/div>\n<\/div>\n<\/div>\n\n\n\n<p><\/p>\n\n\n\n\n\n<p><\/p>\n","protected":false},"excerpt":{"rendered":"<p>Dokumenty do pobrania<\/p>\n","protected":false},"author":1,"featured_media":47,"parent":0,"menu_order":0,"comment_status":"closed","ping_status":"closed","template":"","meta":{"om_disable_all_campaigns":false,"footnotes":""},"class_list":["post-7","page","type-page","status-publish","has-post-thumbnail","hentry"],"yoast_head":"<!-- This site is optimized with the Yoast SEO plugin v26.9 - https:\/\/yoast.com\/product\/yoast-seo-wordpress\/ -->\n<title>Dokumenty Stowarzyszenia - \u015awi\u0119tokrzyska Rybacka Lokalna Grupa Dzia\u0142ania<\/title>\n<meta name=\"robots\" content=\"index, follow, max-snippet:-1, max-image-preview:large, max-video-preview:-1\" \/>\n<link rel=\"canonical\" href=\"https:\/\/swietokrzyskalgr.eu\/index.php\/stowarzyszenie\/\" \/>\n<meta property=\"og:locale\" content=\"pl_PL\" \/>\n<meta property=\"og:type\" content=\"article\" \/>\n<meta property=\"og:title\" content=\"Dokumenty Stowarzyszenia - \u015awi\u0119tokrzyska Rybacka Lokalna Grupa Dzia\u0142ania\" \/>\n<meta property=\"og:description\" content=\"Dokumenty do pobrania\" \/>\n<meta property=\"og:url\" content=\"https:\/\/swietokrzyskalgr.eu\/index.php\/stowarzyszenie\/\" \/>\n<meta property=\"og:site_name\" content=\"\u015awi\u0119tokrzyska Rybacka Lokalna Grupa Dzia\u0142ania\" \/>\n<meta property=\"article:modified_time\" content=\"2025-05-27T12:01:57+00:00\" \/>\n<meta property=\"og:image\" content=\"https:\/\/swietokrzyskalgr.eu\/wp-content\/uploads\/2025\/03\/D-2-scaled.jpg\" \/>\n\t<meta property=\"og:image:width\" content=\"2560\" \/>\n\t<meta property=\"og:image:height\" content=\"1747\" \/>\n\t<meta property=\"og:image:type\" content=\"image\/jpeg\" \/>\n<meta name=\"twitter:card\" content=\"summary_large_image\" \/>\n<meta name=\"twitter:label1\" content=\"Szacowany czas czytania\" \/>\n\t<meta name=\"twitter:data1\" content=\"2 minuty\" \/>\n<script type=\"application\/ld+json\" class=\"yoast-schema-graph\">{\"@context\":\"https:\/\/schema.org\",\"@graph\":[{\"@type\":\"WebPage\",\"@id\":\"https:\/\/swietokrzyskalgr.eu\/index.php\/stowarzyszenie\/\",\"url\":\"https:\/\/swietokrzyskalgr.eu\/index.php\/stowarzyszenie\/\",\"name\":\"Dokumenty Stowarzyszenia - \u015awi\u0119tokrzyska Rybacka Lokalna Grupa Dzia\u0142ania\",\"isPartOf\":{\"@id\":\"https:\/\/swietokrzyskalgr.eu\/#website\"},\"primaryImageOfPage\":{\"@id\":\"https:\/\/swietokrzyskalgr.eu\/index.php\/stowarzyszenie\/#primaryimage\"},\"image\":{\"@id\":\"https:\/\/swietokrzyskalgr.eu\/index.php\/stowarzyszenie\/#primaryimage\"},\"thumbnailUrl\":\"https:\/\/swietokrzyskalgr.eu\/wp-content\/uploads\/2025\/03\/D-2-scaled.jpg\",\"datePublished\":\"2025-03-18T18:32:51+00:00\",\"dateModified\":\"2025-05-27T12:01:57+00:00\",\"breadcrumb\":{\"@id\":\"https:\/\/swietokrzyskalgr.eu\/index.php\/stowarzyszenie\/#breadcrumb\"},\"inLanguage\":\"pl-PL\",\"potentialAction\":[{\"@type\":\"ReadAction\",\"target\":[\"https:\/\/swietokrzyskalgr.eu\/index.php\/stowarzyszenie\/\"]}]},{\"@type\":\"ImageObject\",\"inLanguage\":\"pl-PL\",\"@id\":\"https:\/\/swietokrzyskalgr.eu\/index.php\/stowarzyszenie\/#primaryimage\",\"url\":\"https:\/\/swietokrzyskalgr.eu\/wp-content\/uploads\/2025\/03\/D-2-scaled.jpg\",\"contentUrl\":\"https:\/\/swietokrzyskalgr.eu\/wp-content\/uploads\/2025\/03\/D-2-scaled.jpg\",\"width\":2560,\"height\":1747},{\"@type\":\"BreadcrumbList\",\"@id\":\"https:\/\/swietokrzyskalgr.eu\/index.php\/stowarzyszenie\/#breadcrumb\",\"itemListElement\":[{\"@type\":\"ListItem\",\"position\":1,\"name\":\"Home\",\"item\":\"https:\/\/swietokrzyskalgr.eu\/\"},{\"@type\":\"ListItem\",\"position\":2,\"name\":\"Dokumenty Stowarzyszenia\"}]},{\"@type\":\"WebSite\",\"@id\":\"https:\/\/swietokrzyskalgr.eu\/#website\",\"url\":\"https:\/\/swietokrzyskalgr.eu\/\",\"name\":\"\u015awi\u0119tokrzyska Rybacka Lokalna Grupa Dzia\u0142ania\",\"description\":\"\",\"potentialAction\":[{\"@type\":\"SearchAction\",\"target\":{\"@type\":\"EntryPoint\",\"urlTemplate\":\"https:\/\/swietokrzyskalgr.eu\/?s={search_term_string}\"},\"query-input\":{\"@type\":\"PropertyValueSpecification\",\"valueRequired\":true,\"valueName\":\"search_term_string\"}}],\"inLanguage\":\"pl-PL\"}]}<\/script>\n<!-- \/ Yoast SEO plugin. -->","yoast_head_json":{"title":"Dokumenty Stowarzyszenia - \u015awi\u0119tokrzyska Rybacka Lokalna Grupa Dzia\u0142ania","robots":{"index":"index","follow":"follow","max-snippet":"max-snippet:-1","max-image-preview":"max-image-preview:large","max-video-preview":"max-video-preview:-1"},"canonical":"https:\/\/swietokrzyskalgr.eu\/index.php\/stowarzyszenie\/","og_locale":"pl_PL","og_type":"article","og_title":"Dokumenty Stowarzyszenia - \u015awi\u0119tokrzyska Rybacka Lokalna Grupa Dzia\u0142ania","og_description":"Dokumenty do pobrania","og_url":"https:\/\/swietokrzyskalgr.eu\/index.php\/stowarzyszenie\/","og_site_name":"\u015awi\u0119tokrzyska Rybacka Lokalna Grupa Dzia\u0142ania","article_modified_time":"2025-05-27T12:01:57+00:00","og_image":[{"width":2560,"height":1747,"url":"https:\/\/swietokrzyskalgr.eu\/wp-content\/uploads\/2025\/03\/D-2-scaled.jpg","type":"image\/jpeg"}],"twitter_card":"summary_large_image","twitter_misc":{"Szacowany czas czytania":"2 minuty"},"schema":{"@context":"https:\/\/schema.org","@graph":[{"@type":"WebPage","@id":"https:\/\/swietokrzyskalgr.eu\/index.php\/stowarzyszenie\/","url":"https:\/\/swietokrzyskalgr.eu\/index.php\/stowarzyszenie\/","name":"Dokumenty Stowarzyszenia - \u015awi\u0119tokrzyska Rybacka Lokalna Grupa Dzia\u0142ania","isPartOf":{"@id":"https:\/\/swietokrzyskalgr.eu\/#website"},"primaryImageOfPage":{"@id":"https:\/\/swietokrzyskalgr.eu\/index.php\/stowarzyszenie\/#primaryimage"},"image":{"@id":"https:\/\/swietokrzyskalgr.eu\/index.php\/stowarzyszenie\/#primaryimage"},"thumbnailUrl":"https:\/\/swietokrzyskalgr.eu\/wp-content\/uploads\/2025\/03\/D-2-scaled.jpg","datePublished":"2025-03-18T18:32:51+00:00","dateModified":"2025-05-27T12:01:57+00:00","breadcrumb":{"@id":"https:\/\/swietokrzyskalgr.eu\/index.php\/stowarzyszenie\/#breadcrumb"},"inLanguage":"pl-PL","potentialAction":[{"@type":"ReadAction","target":["https:\/\/swietokrzyskalgr.eu\/index.php\/stowarzyszenie\/"]}]},{"@type":"ImageObject","inLanguage":"pl-PL","@id":"https:\/\/swietokrzyskalgr.eu\/index.php\/stowarzyszenie\/#primaryimage","url":"https:\/\/swietokrzyskalgr.eu\/wp-content\/uploads\/2025\/03\/D-2-scaled.jpg","contentUrl":"https:\/\/swietokrzyskalgr.eu\/wp-content\/uploads\/2025\/03\/D-2-scaled.jpg","width":2560,"height":1747},{"@type":"BreadcrumbList","@id":"https:\/\/swietokrzyskalgr.eu\/index.php\/stowarzyszenie\/#breadcrumb","itemListElement":[{"@type":"ListItem","position":1,"name":"Home","item":"https:\/\/swietokrzyskalgr.eu\/"},{"@type":"ListItem","position":2,"name":"Dokumenty Stowarzyszenia"}]},{"@type":"WebSite","@id":"https:\/\/swietokrzyskalgr.eu\/#website","url":"https:\/\/swietokrzyskalgr.eu\/","name":"\u015awi\u0119tokrzyska Rybacka Lokalna Grupa Dzia\u0142ania","description":"","potentialAction":[{"@type":"SearchAction","target":{"@type":"EntryPoint","urlTemplate":"https:\/\/swietokrzyskalgr.eu\/?s={search_term_string}"},"query-input":{"@type":"PropertyValueSpecification","valueRequired":true,"valueName":"search_term_string"}}],"inLanguage":"pl-PL"}]}},"_links":{"self":[{"href":"https:\/\/swietokrzyskalgr.eu\/index.php\/wp-json\/wp\/v2\/pages\/7","targetHints":{"allow":["GET"]}}],"collection":[{"href":"https:\/\/swietokrzyskalgr.eu\/index.php\/wp-json\/wp\/v2\/pages"}],"about":[{"href":"https:\/\/swietokrzyskalgr.eu\/index.php\/wp-json\/wp\/v2\/types\/page"}],"author":[{"embeddable":true,"href":"https:\/\/swietokrzyskalgr.eu\/index.php\/wp-json\/wp\/v2\/users\/1"}],"replies":[{"embeddable":true,"href":"https:\/\/swietokrzyskalgr.eu\/index.php\/wp-json\/wp\/v2\/comments?post=7"}],"version-history":[{"count":55,"href":"https:\/\/swietokrzyskalgr.eu\/index.php\/wp-json\/wp\/v2\/pages\/7\/revisions"}],"predecessor-version":[{"id":501,"href":"https:\/\/swietokrzyskalgr.eu\/index.php\/wp-json\/wp\/v2\/pages\/7\/revisions\/501"}],"wp:featuredmedia":[{"embeddable":true,"href":"https:\/\/swietokrzyskalgr.eu\/index.php\/wp-json\/wp\/v2\/media\/47"}],"wp:attachment":[{"href":"https:\/\/swietokrzyskalgr.eu\/index.php\/wp-json\/wp\/v2\/media?parent=7"}],"curies":[{"name":"wp","href":"https:\/\/api.w.org\/{rel}","templated":true}]}}